{"id":62,"date":"2018-02-21T00:14:03","date_gmt":"2018-02-21T00:14:03","guid":{"rendered":"http:\/\/gilsonluisdacunha.com.br\/site\/?page_id=62"},"modified":"2021-12-21T21:47:33","modified_gmt":"2021-12-21T21:47:33","slug":"premiacoes","status":"publish","type":"page","link":"https:\/\/gilsonluisdacunha.com.br\/site\/premiacoes\/","title":{"rendered":"Premia\u00e7\u00f5es"},"content":{"rendered":"<div id=\"pl-62\"  class=\"panel-layout\" ><div id=\"pg-62-0\"  class=\"panel-grid panel-no-style\" ><div id=\"pgc-62-0-0\"  class=\"panel-grid-cell panel-grid-cell-empty\" ><\/div><\/div><div id=\"pg-62-1\"  class=\"panel-grid panel-no-style\" ><div id=\"pgc-62-1-0\"  class=\"panel-grid-cell\" ><div id=\"panel-62-1-0-0\" class=\"so-panel widget widget_sow-image panel-first-child panel-last-child\" data-index=\"0\" ><div\n\t\t\t\n\t\t\tclass=\"so-widget-sow-image so-widget-sow-image-default-8b5b6f678277-62\"\n\t\t\t\n\t\t>\n<div class=\"sow-image-container\">\n\t\t<img \n\tsrc=\"https:\/\/gilsonluisdacunha.com.br\/site\/wp-content\/uploads\/2018\/03\/wattpad-logo-black-transparent-e1521332861193.png\" width=\"150\" height=\"48\" sizes=\"(max-width: 150px) 100vw, 150px\" title=\"wattpad-logo-black-transparent\" alt=\"\" \t\tclass=\"so-widget-image\"\/>\n\t<\/div>\n\n<\/div><\/div><\/div><div id=\"pgc-62-1-1\"  class=\"panel-grid-cell panel-grid-cell-mobile-last\" ><div id=\"panel-62-1-1-0\" class=\"so-panel widget widget_text panel-first-child panel-last-child\" data-index=\"1\" >\t\t\t<div class=\"textwidget\"><p style=\"text-align: left;\">2016 &#8211; Vencedor: Terceiro desafio SciFiBR<\/p>\n<p style=\"text-align: left;\">Institui\u00e7\u00e3o:\u00a0\u00a0Wattpad Brasil<\/p>\n<p style=\"text-align: left;\">Categoria: Conto<\/p>\n<\/div>\n\t\t<\/div><\/div><div id=\"pgc-62-1-2\"  class=\"panel-grid-cell panel-grid-cell-empty\" ><\/div><\/div><div id=\"pg-62-2\"  class=\"panel-grid panel-no-style\" ><div id=\"pgc-62-2-0\"  class=\"panel-grid-cell panel-grid-cell-empty\" ><\/div><\/div><div id=\"pg-62-3\"  class=\"panel-grid panel-no-style\" ><div id=\"pgc-62-3-0\"  class=\"panel-grid-cell\" ><div id=\"panel-62-3-0-0\" class=\"so-panel widget widget_sow-image panel-first-child panel-last-child\" data-index=\"2\" ><div\n\t\t\t\n\t\t\tclass=\"so-widget-sow-image so-widget-sow-image-default-8b5b6f678277-62\"\n\t\t\t\n\t\t>\n<div class=\"sow-image-container\">\n\t\t<img \n\tsrc=\"https:\/\/gilsonluisdacunha.com.br\/site\/wp-content\/uploads\/2018\/03\/ufrgs3-e1521333092370.jpg\" width=\"150\" height=\"109\" sizes=\"(max-width: 150px) 100vw, 150px\" title=\"ufrgs3\" alt=\"\" \t\tclass=\"so-widget-image\"\/>\n\t<\/div>\n\n<\/div><\/div><\/div><div id=\"pgc-62-3-1\"  class=\"panel-grid-cell panel-grid-cell-mobile-last\" ><div id=\"panel-62-3-1-0\" class=\"so-panel widget widget_text panel-first-child panel-last-child\" data-index=\"3\" >\t\t\t<div class=\"textwidget\"><p style=\"text-align: left;\">1987 &#8211; Publica\u00e7\u00e3o na Escreva-se: Antologia Universit\u00e1ria.<\/p>\n<p style=\"text-align: left;\">Institui\u00e7\u00e3o: UFRGS.<\/p>\n<p style=\"text-align: left;\">Categoria: Conto e Poesia.<\/p>\n<\/div>\n\t\t<\/div><\/div><div id=\"pgc-62-3-2\"  class=\"panel-grid-cell panel-grid-cell-empty\" ><\/div><\/div><div id=\"pg-62-4\"  class=\"panel-grid panel-no-style\" ><div id=\"pgc-62-4-0\"  class=\"panel-grid-cell\" ><div id=\"panel-62-4-0-0\" class=\"so-panel widget widget_sow-image panel-first-child panel-last-child\" data-index=\"4\" ><div\n\t\t\t\n\t\t\tclass=\"so-widget-sow-image so-widget-sow-image-default-8b5b6f678277-62\"\n\t\t\t\n\t\t>\n<div class=\"sow-image-container\">\n\t\t<img \n\tsrc=\"https:\/\/gilsonluisdacunha.com.br\/site\/wp-content\/uploads\/2021\/12\/2Argos-300x175.jpg\" width=\"300\" height=\"175\" srcset=\"https:\/\/gilsonluisdacunha.com.br\/site\/wp-content\/uploads\/2021\/12\/2Argos-300x175.jpg 300w, https:\/\/gilsonluisdacunha.com.br\/site\/wp-content\/uploads\/2021\/12\/2Argos-1024x596.jpg 1024w, https:\/\/gilsonluisdacunha.com.br\/site\/wp-content\/uploads\/2021\/12\/2Argos-768x447.jpg 768w, https:\/\/gilsonluisdacunha.com.br\/site\/wp-content\/uploads\/2021\/12\/2Argos.jpg 1519w\" sizes=\"(max-width: 300px) 100vw, 300px\" alt=\"\" \t\tclass=\"so-widget-image\"\/>\n\t<\/div>\n\n<\/div><\/div><\/div><div id=\"pgc-62-4-1\"  class=\"panel-grid-cell panel-grid-cell-mobile-last\" ><div id=\"panel-62-4-1-0\" class=\"so-panel widget widget_text panel-first-child panel-last-child\" data-index=\"5\" >\t\t\t<div class=\"textwidget\"><p>2020 &#8211; Pr\u00eamio Argos de literatura de fic\u00e7\u00e3o cient\u00edfica,<\/p>\n<p>em duas categorias, narrativa curta (conto) e narrativa longa (romance)<\/p>\n<p>Vencedor: Melhor Romance<\/p>\n<p>&#8220;Onde Kombi Alguma Jamais Esteve&#8221;<\/p>\n<p>Vencedor:\u00a0 Melhor conto<\/p>\n<p>&#8220;A Mulher Que Chora&#8221;<\/p>\n<\/div>\n\t\t<\/div><\/div><div id=\"pgc-62-4-2\"  class=\"panel-grid-cell panel-grid-cell-empty\" ><\/div><\/div><\/div>","protected":false},"excerpt":{"rendered":"<p>2016 &#8211; Vencedor: Terceiro desafio SciFiBR Institui\u00e7\u00e3o:\u00a0\u00a0Wattpad Brasil Categoria: Conto 1987 &#8211; Publica\u00e7\u00e3o na Escreva-se: Antologia Universit\u00e1ria. Institui\u00e7\u00e3o: UFRGS. Categoria: Conto e Poesia. 2020 &#8211; Pr\u00eamio Argos de literatura de fic\u00e7\u00e3o cient\u00edfica, em duas categorias, narrativa curta (conto) e narrativa longa (romance) Vencedor: Melhor Romance &#8220;Onde Kombi Alguma Jamais Esteve&#8221; Vencedor:\u00a0 Melhor conto &#8220;A Mulher&hellip;<\/p>","protected":false},"author":1,"featured_media":0,"parent":0,"menu_order":0,"comment_status":"closed","ping_status":"closed","template":"","meta":{"_exactmetrics_skip_tracking":false,"_exactmetrics_sitenote_active":false,"_exactmetrics_sitenote_note":"","_exactmetrics_sitenote_category":0,"footnotes":""},"class_list":["post-62","page","type-page","status-publish","hentry"],"_links":{"self":[{"href":"https:\/\/gilsonluisdacunha.com.br\/site\/wp-json\/wp\/v2\/pages\/62","targetHints":{"allow":["GET"]}}],"collection":[{"href":"https:\/\/gilsonluisdacunha.com.br\/site\/wp-json\/wp\/v2\/pages"}],"about":[{"href":"https:\/\/gilsonluisdacunha.com.br\/site\/wp-json\/wp\/v2\/types\/page"}],"author":[{"embeddable":true,"href":"https:\/\/gilsonluisdacunha.com.br\/site\/wp-json\/wp\/v2\/users\/1"}],"replies":[{"embeddable":true,"href":"https:\/\/gilsonluisdacunha.com.br\/site\/wp-json\/wp\/v2\/comments?post=62"}],"version-history":[{"count":38,"href":"https:\/\/gilsonluisdacunha.com.br\/site\/wp-json\/wp\/v2\/pages\/62\/revisions"}],"predecessor-version":[{"id":1079,"href":"https:\/\/gilsonluisdacunha.com.br\/site\/wp-json\/wp\/v2\/pages\/62\/revisions\/1079"}],"wp:attachment":[{"href":"https:\/\/gilsonluisdacunha.com.br\/site\/wp-json\/wp\/v2\/media?parent=62"}],"curies":[{"name":"wp","href":"https:\/\/api.w.org\/{rel}","templated":true}]}}