{"id":14,"date":"2018-02-20T20:24:47","date_gmt":"2018-02-20T20:24:47","guid":{"rendered":"http:\/\/gilsonluisdacunha.com.br\/site\/?page_id=14"},"modified":"2018-03-18T08:53:47","modified_gmt":"2018-03-18T08:53:47","slug":"destaque","status":"publish","type":"page","link":"https:\/\/gilsonluisdacunha.com.br\/site\/","title":{"rendered":"Destaque: lan\u00e7amento do ano"},"content":{"rendered":"<p>E se o destino da ra\u00e7a humana dependesse de um octogen\u00e1rio moribundo e sem o ensino fundamental?<\/p>\n<p><a href=\"http:\/\/gilsonluisdacunha.com.br\/site\/onde-kombi-alguma-jamais-esteve\/\" target=\"_blank\" rel=\"noopener\"><img loading=\"lazy\" decoding=\"async\" class=\"aligncenter wp-image-377 size-full\" src=\"http:\/\/gilsonluisdacunha.com.br\/site\/wp-content\/uploads\/2018\/03\/vw-in-space-with-crew-2.jpg\" alt=\"\" width=\"6142\" height=\"2714\" srcset=\"https:\/\/gilsonluisdacunha.com.br\/site\/wp-content\/uploads\/2018\/03\/vw-in-space-with-crew-2.jpg 6142w, https:\/\/gilsonluisdacunha.com.br\/site\/wp-content\/uploads\/2018\/03\/vw-in-space-with-crew-2-300x133.jpg 300w, https:\/\/gilsonluisdacunha.com.br\/site\/wp-content\/uploads\/2018\/03\/vw-in-space-with-crew-2-768x339.jpg 768w\" sizes=\"auto, (max-width: 6142px) 100vw, 6142px\" \/><\/a><\/p>\n<p>Arrancado (contra sua vontade) das garras da morte e lan\u00e7ado num conflito de propor\u00e7\u00f5es c\u00f3smicas, esse velho &#8220;mais grosso que dedo destroncado&#8221; e seu amigo, um jovem estudante de filosofia e da paranormalidade, precisar\u00e3o sobreviver a um jogo mortal, engendrado bilh\u00f5es de anos antes do surgimento da esp\u00e9cie humana. E \u00e0 vontade de socarem o nariz um do outro&#8230;<\/p>\n<p style=\"text-align: center;\"><a href=\"http:\/\/gilsonluisdacunha.com.br\/site\/onde-kombi-alguma-jamais-esteve\/\" target=\"_blank\" rel=\"noopener\">Clique aqui e saiba tudo sobre a obra.<\/a><\/p>\n","protected":false},"excerpt":{"rendered":"<p>E se o destino da ra\u00e7a humana dependesse de um octogen\u00e1rio moribundo e sem o ensino fundamental? Arrancado (contra sua vontade) das garras da morte e lan\u00e7ado num conflito de propor\u00e7\u00f5es c\u00f3smicas, esse velho \"mais grosso que dedo destroncado\" e seu amigo, um jovem estudante de filosofia e da paranormalidade, precisar\u00e3o sobreviver a um jogo&hellip;<\/p>","protected":false},"author":1,"featured_media":377,"parent":0,"menu_order":0,"comment_status":"closed","ping_status":"closed","template":"","meta":{"_exactmetrics_skip_tracking":false,"_exactmetrics_sitenote_active":false,"_exactmetrics_sitenote_note":"","_exactmetrics_sitenote_category":0,"footnotes":""},"class_list":["post-14","page","type-page","status-publish","has-post-thumbnail","hentry"],"_links":{"self":[{"href":"https:\/\/gilsonluisdacunha.com.br\/site\/wp-json\/wp\/v2\/pages\/14","targetHints":{"allow":["GET"]}}],"collection":[{"href":"https:\/\/gilsonluisdacunha.com.br\/site\/wp-json\/wp\/v2\/pages"}],"about":[{"href":"https:\/\/gilsonluisdacunha.com.br\/site\/wp-json\/wp\/v2\/types\/page"}],"author":[{"embeddable":true,"href":"https:\/\/gilsonluisdacunha.com.br\/site\/wp-json\/wp\/v2\/users\/1"}],"replies":[{"embeddable":true,"href":"https:\/\/gilsonluisdacunha.com.br\/site\/wp-json\/wp\/v2\/comments?post=14"}],"version-history":[{"count":52,"href":"https:\/\/gilsonluisdacunha.com.br\/site\/wp-json\/wp\/v2\/pages\/14\/revisions"}],"predecessor-version":[{"id":784,"href":"https:\/\/gilsonluisdacunha.com.br\/site\/wp-json\/wp\/v2\/pages\/14\/revisions\/784"}],"wp:featuredmedia":[{"embeddable":true,"href":"https:\/\/gilsonluisdacunha.com.br\/site\/wp-json\/wp\/v2\/media\/377"}],"wp:attachment":[{"href":"https:\/\/gilsonluisdacunha.com.br\/site\/wp-json\/wp\/v2\/media?parent=14"}],"curies":[{"name":"wp","href":"https:\/\/api.w.org\/{rel}","templated":true}]}}