{"id":594,"date":"2018-03-18T05:02:18","date_gmt":"2018-03-18T05:02:18","guid":{"rendered":"http:\/\/gilsonluisdacunha.com.br\/site\/?page_id=594"},"modified":"2019-09-25T19:34:58","modified_gmt":"2019-09-25T19:34:58","slug":"onde-kombi-alguma-jamais-esteve","status":"publish","type":"page","link":"http:\/\/gilsonluisdacunha.com.br\/site\/onde-kombi-alguma-jamais-esteve\/","title":{"rendered":"Onde Kombi Alguma Jamais Esteve"},"content":{"rendered":"<div id=\"pl-594\"  class=\"panel-layout\" ><div id=\"pg-594-0\"  class=\"panel-grid panel-no-style\" ><div id=\"pgc-594-0-0\"  class=\"panel-grid-cell\" ><div id=\"panel-594-0-0-0\" class=\"so-panel widget widget_sow-video panel-first-child panel-last-child\" data-index=\"0\" ><div\n\t\t\t\n\t\t\tclass=\"so-widget-sow-video so-widget-sow-video-default-f379b959fc93-594\"\n\t\t\t\n\t\t>\n<div class=\"sow-video-wrapper\n\">\n\t\t\t<video\n\t\t\tid=\"sow-player-1\" class=\"sow-video-widget\" preload=\"auto\" style=\"width:100%;height:100%;\" autoplay playsinline muted=\"1\" controls \t\t>\n\t\t\t\t\t\t\t<source type=\"video\/mp4\" src=\"http:\/\/gilsonluisdacunha.com.br\/site\/wp-content\/uploads\/2019\/09\/video_kombi_09set19.mp4\"\/>\n\t\t\t\t\t<\/video>\n\t<\/div>\n<\/div><\/div><\/div><\/div><div id=\"pg-594-1\"  class=\"panel-grid panel-no-style\" ><div id=\"pgc-594-1-0\"  class=\"panel-grid-cell\" ><div id=\"panel-594-1-0-0\" class=\"so-panel widget widget_sow-headline panel-first-child\" data-index=\"1\" ><div\n\t\t\t\n\t\t\tclass=\"so-widget-sow-headline so-widget-sow-headline-default-7f7335eb0ddd-594 so-widget-fittext-wrapper\"\n\t\t\t data-fit-text-compressor=\"0\"\n\t\t><div class=\"sow-headline-container \">\n\t\t\t\t\t\t<div class=\"decoration\">\n\t\t\t\t\t\t<div class=\"decoration-inside\"><\/div>\n\t\t\t\t\t<\/div>\n\t\t\t\t\t\t\t\t\t\t\t<h3 class=\"sow-sub-headline\">\n\t\t\t\t\t\tOnde Kombi Alguma Jamais Esteve\t\t\t\t\t\t<\/h3>\n\t\t\t\t\t\t<\/div>\n<\/div><\/div><div id=\"panel-594-1-0-1\" class=\"so-panel widget widget_sow-headline\" data-index=\"2\" ><div\n\t\t\t\n\t\t\tclass=\"so-widget-sow-headline so-widget-sow-headline-default-022f44492bb6-594 so-widget-fittext-wrapper\"\n\t\t\t data-fit-text-compressor=\"0\"\n\t\t><div class=\"sow-headline-container \">\n\t\t\t\t\t\t\t<h3 class=\"sow-sub-headline\">\n\t\t\t\t\t\tO taura no fim do universo | por Gilson Luis da Cunha\t\t\t\t\t\t<\/h3>\n\t\t\t\t\t\t\t\t\t\t\t<div class=\"decoration\">\n\t\t\t\t\t\t<div class=\"decoration-inside\"><\/div>\n\t\t\t\t\t<\/div>\n\t\t\t\t\t<\/div>\n<\/div><\/div><div id=\"panel-594-1-0-2\" class=\"so-panel widget widget_sow-headline\" data-index=\"3\" ><div\n\t\t\t\n\t\t\tclass=\"so-widget-sow-headline so-widget-sow-headline-default-f4bd20c34b48-594 so-widget-fittext-wrapper\"\n\t\t\t data-fit-text-compressor=\"0\"\n\t\t><div class=\"sow-headline-container \">\n\t\t\t\t\t\t<div class=\"decoration\">\n\t\t\t\t\t\t<div class=\"decoration-inside\"><\/div>\n\t\t\t\t\t<\/div>\n\t\t\t\t\t\t\t\t\t\t\t<h1 class=\"sow-headline\">\n\t\t\t\t\t\tResumo:\t\t\t\t\t\t<\/h1>\n\t\t\t\t\t\t<\/div>\n<\/div><\/div><div id=\"panel-594-1-0-3\" class=\"so-panel widget widget_black-studio-tinymce widget_black_studio_tinymce\" data-index=\"4\" ><div class=\"textwidget\"><p>Alfredo tem 80 anos e est\u00e1 agonizando, v\u00edtima de c\u00e2ncer, em um quarto de Hospital em Porto Alegre, Rio Grande do Sul. Mas, para esse <em>gaud\u00e9rio<\/em> de Soledade, a morte n\u00e3o \u00e9 o fim. Um experimento paranormal, do qual ele participou involuntariamente, mais de quarenta anos antes, ser\u00e1 o respons\u00e1vel por sua ressurei\u00e7\u00e3o, em um corpo clonado por seres extradimensionais conhecidos como Grays, que o incumbiram de uma \u201csimples\u201d miss\u00e3o: Salvar a humanidade (e outras esp\u00e9cies) da extin\u00e7\u00e3o ou escravid\u00e3o sob o jugo de uma ra\u00e7a de seres que deseja moldar a evolu\u00e7\u00e3o \u00e0 sua imagem e semelhan\u00e7a. Para evitar que isso ocorra, seus mentores o equipam com a mais estranha nave j\u00e1 constru\u00edda: Sua Kombi 1963, que agora \u00e9 capaz de viajar mais r\u00e1pido que a luz, viajar no tempo e cruzar universos paralelos. Eles tamb\u00e9m o modificaram geneticamente, tornando-o mais forte e inteligente do que qualquer um que j\u00e1 viveu e, virtualmente, imortal. Contudo, talvez isso n\u00e3o seja o bastante<\/p>\n<p>Em uma miss\u00e3o na lend\u00e1ria \u00e1rea 51, Alfredo resgata Ot\u00e1vio Medeiros, tamb\u00e9m conhecido como Buddy Holly, devido a sua semelhan\u00e7a com o pioneiro do <em>Rock and Roll<\/em>. As diferen\u00e7as entre eles n\u00e3o poderiam ser maiores. Ot\u00e1vio \u00e9 um jovem e sofisticado intelectual urbano. Alfredo, por sua vez, mesmo dotado pelos Grays de vastos conhecimentos, que abrangem desde astrof\u00edsica avan\u00e7ada at\u00e9 p\u00e9rolas de cultura in\u00fatil, \u00e9, essencialmente, um \u201c\u00edndio grosso, mais grosso que dedo destroncado e que adora ser grosso\u201d. Apesar disso e, talvez, <em>por causa disso<\/em>, os grays incumbem Alfredo e Ot\u00e1vio de investigar tentativas de infiltra\u00e7\u00e3o Tarv na Terra dos s\u00e9culos XIX e XX. Agora, ambos precisar\u00e3o sobreviver a um jogo mortal, engendrado bilh\u00f5es de anos antes do surgimento da esp\u00e9cie humana. E \u00e0 vontade de socarem o nariz um do outro...<\/p>\n<\/div><\/div><div id=\"panel-594-1-0-4\" class=\"so-panel widget widget_sow-testimonials panel-last-child\" data-index=\"5\" ><div\n\t\t\t\n\t\t\tclass=\"so-widget-sow-testimonials so-widget-sow-testimonials-default-022d2a4e3252-594\"\n\t\t\t\n\t\t><h3 class=\"widget-title\">Opini\u00e3o dos leitores<\/h3><div class=\"sow-testimonials\">\n\t\t\t\t\t<div class=\"sow-testimonial-wrapper sow-user-middle sow-layout-text-above\">\n\t\t\t<div class=\"sow-testimonial\">\n\t\t\t\t\t\t\t\t\t<div class=\"sow-testimonial-text\">\n\t\t\t\t\t\t\u201cCom trama divertida, humor original e personagens v\u00edvidos, o romance Onde Kombi Alguma Jamais Esteve constitui uma resposta da FC humor\u00edstica lus\u00f3fona \u00e0 altura de \u201cO Guia do Mochileiro das Gal\u00e1xias\u201d, de Douglas Adams\u201d\t\t\t\t\t<\/div>\n\t\t\t\t\n\t\t\t\t<div class=\"sow-testimonial-user\">\n\t\t\t\t\t\n\t\t\t\t\t<div class=\"sow-text\">\n\t\t\t\t\t\t\t\t\t\t\t\t\t<span class=\"sow-testimonial-name\"><strong>Gerson Lodi-Ribeiro<\/strong><\/span>\n\t\t\t\t\t\t\t\t\t\t\t\t\t\t\t\t\t\t\t\t\t\t\t\t\t<span class=\"sow-testimonial-location\">autor de Aventuras do Vampiro de Palmares, Estranhos no Para\u00edso e A \u00c9tica da Trai\u00e7\u00e3o.<\/span>\n\t\t\t\t\t\t\t\t\t\t\t\t\t\t\t\t\t<\/div>\n\t\t\t\t<\/div>\n\n\t\t\t\t\t\t\t<\/div>\n\t\t<\/div>\n\t\t\t\t\t<div class=\"sow-testimonial-wrapper sow-user-middle sow-layout-text-above\">\n\t\t\t<div class=\"sow-testimonial\">\n\t\t\t\t\t\t\t\t\t<div class=\"sow-testimonial-text\">\n\t\t\t\t\t\t<p>\u201cEngra\u00e7ado, ir\u00f4nico, audacioso. Alfred\u00e3o acelera fundo nessa espa\u00e7onave maravilhosa, a Kombi Cremilda, audaciosamente indo, aonde nenhum taura jamais sonhou ir!\u201d<\/p>\n\t\t\t\t\t<\/div>\n\t\t\t\t\n\t\t\t\t<div class=\"sow-testimonial-user\">\n\t\t\t\t\t\n\t\t\t\t\t<div class=\"sow-text\">\n\t\t\t\t\t\t\t\t\t\t\t\t\t<span class=\"sow-testimonial-name\"><strong>Simone Saueressig<\/strong><\/span>\n\t\t\t\t\t\t\t\t\t\t\t\t\t\t\t\t\t\t\t\t\t\t\t\t\t<span class=\"sow-testimonial-location\">autora de Aurum Domini, o ouro das miss\u00f5es, Padr\u00e3o 20: A amea\u00e7a do Espa\u00e7o-Tempo, B9.<\/span>\n\t\t\t\t\t\t\t\t\t\t\t\t\t\t\t\t\t<\/div>\n\t\t\t\t<\/div>\n\n\t\t\t\t\t\t\t<\/div>\n\t\t<\/div>\n\t<\/div>\n<\/div><\/div><\/div><div id=\"pgc-594-1-1\"  class=\"panel-grid-cell\" ><div id=\"panel-594-1-1-0\" class=\"so-panel widget widget_sow-headline panel-first-child\" data-index=\"6\" ><div\n\t\t\t\n\t\t\tclass=\"so-widget-sow-headline so-widget-sow-headline-default-022f44492bb6-594 so-widget-fittext-wrapper\"\n\t\t\t data-fit-text-compressor=\"0\"\n\t\t><div class=\"sow-headline-container \">\n\t\t\t\t\t\t<div class=\"decoration\">\n\t\t\t\t\t\t<div class=\"decoration-inside\"><\/div>\n\t\t\t\t\t<\/div>\n\t\t\t\t\t<\/div>\n<\/div><\/div><div id=\"panel-594-1-1-1\" class=\"so-panel widget widget_sow-headline\" data-index=\"7\" ><div\n\t\t\t\n\t\t\tclass=\"so-widget-sow-headline so-widget-sow-headline-default-022f44492bb6-594 so-widget-fittext-wrapper\"\n\t\t\t data-fit-text-compressor=\"0\"\n\t\t><div class=\"sow-headline-container \">\n\t\t\t\t\t\t\t<h1 class=\"sow-headline\">\n\t\t\t\t\t\tG\u00eanero: romance\t\t\t\t\t\t<\/h1>\n\t\t\t\t\t\t\t\t\t\t\t\t<h3 class=\"sow-sub-headline\">\n\t\t\t\t\t\tFic\u00e7\u00e3o cient\u00edfica, Com\u00e9dia, Drama, Aventura\t\t\t\t\t\t<\/h3>\n\t\t\t\t\t\t\t\t\t\t\t<div class=\"decoration\">\n\t\t\t\t\t\t<div class=\"decoration-inside\"><\/div>\n\t\t\t\t\t<\/div>\n\t\t\t\t\t<\/div>\n<\/div><\/div><div id=\"panel-594-1-1-2\" class=\"so-panel widget widget_sow-headline\" data-index=\"8\" ><div\n\t\t\t\n\t\t\tclass=\"so-widget-sow-headline so-widget-sow-headline-default-022f44492bb6-594 so-widget-fittext-wrapper\"\n\t\t\t data-fit-text-compressor=\"0\"\n\t\t><div class=\"sow-headline-container \">\n\t\t\t\t\t\t\t<h1 class=\"sow-headline\">\n\t\t\t\t\t\tComprar vers\u00e3o impressa\t\t\t\t\t\t<\/h1>\n\t\t\t\t\t\t\t\t\t\t\t\t<h3 class=\"sow-sub-headline\">\n\t\t\t\t\t\tEnvie e-mail para gilsonlcunha@gmail.com\t\t\t\t\t\t<\/h3>\n\t\t\t\t\t\t\t\t\t\t\t<div class=\"decoration\">\n\t\t\t\t\t\t<div class=\"decoration-inside\"><\/div>\n\t\t\t\t\t<\/div>\n\t\t\t\t\t<\/div>\n<\/div><\/div><div id=\"panel-594-1-1-3\" class=\"so-panel widget widget_sow-image\" data-index=\"9\" ><div\n\t\t\t\n\t\t\tclass=\"so-widget-sow-image so-widget-sow-image-default-8b5b6f678277-594\"\n\t\t\t\n\t\t>\n<div class=\"sow-image-container\">\n\t\t<img \n\tsrc=\"http:\/\/gilsonluisdacunha.com.br\/site\/wp-content\/uploads\/2019\/09\/convite_feira_autografos_VS1.jpg\" width=\"4500\" height=\"5625\" srcset=\"http:\/\/gilsonluisdacunha.com.br\/site\/wp-content\/uploads\/2019\/09\/convite_feira_autografos_VS1.jpg 4500w, http:\/\/gilsonluisdacunha.com.br\/site\/wp-content\/uploads\/2019\/09\/convite_feira_autografos_VS1-240x300.jpg 240w, http:\/\/gilsonluisdacunha.com.br\/site\/wp-content\/uploads\/2019\/09\/convite_feira_autografos_VS1-768x960.jpg 768w, http:\/\/gilsonluisdacunha.com.br\/site\/wp-content\/uploads\/2019\/09\/convite_feira_autografos_VS1-819x1024.jpg 819w\" sizes=\"(max-width: 4500px) 100vw, 4500px\" alt=\"\" \t\tclass=\"so-widget-image\"\/>\n\t<\/div>\n\n<\/div><\/div><div id=\"panel-594-1-1-4\" class=\"so-panel widget widget_sow-headline panel-last-child\" data-index=\"10\" ><div\n\t\t\t\n\t\t\tclass=\"so-widget-sow-headline so-widget-sow-headline-default-022f44492bb6-594 so-widget-fittext-wrapper\"\n\t\t\t data-fit-text-compressor=\"0\"\n\t\t><div class=\"sow-headline-container \">\n\t\t\t\t\t\t\t<h1 class=\"sow-headline\">\n\t\t\t\t\t\tLan\u00e7amento\t\t\t\t\t\t<\/h1>\n\t\t\t\t\t\t\t\t\t\t\t\t<h3 class=\"sow-sub-headline\">\n\t\t\t\t\t\tNovembro de 2019\t\t\t\t\t\t<\/h3>\n\t\t\t\t\t\t\t\t\t\t\t<div class=\"decoration\">\n\t\t\t\t\t\t<div class=\"decoration-inside\"><\/div>\n\t\t\t\t\t<\/div>\n\t\t\t\t\t<\/div>\n<\/div><\/div><\/div><\/div><div id=\"pg-594-2\"  class=\"panel-grid panel-no-style\" ><div id=\"pgc-594-2-0\"  class=\"panel-grid-cell panel-grid-cell-empty panel-grid-cell-mobile-last\" ><\/div><div id=\"pgc-594-2-1\"  class=\"panel-grid-cell panel-grid-cell-empty\" ><\/div><\/div><\/div>","protected":false},"excerpt":{"rendered":"<p>Alfredo tem 80 anos e est\u00e1 agonizando, v\u00edtima de c\u00e2ncer, em um quarto de Hospital em Porto Alegre, Rio Grande do Sul. Mas, para esse gaud\u00e9rio de Soledade, a morte n\u00e3o \u00e9 o fim. Um experimento paranormal, do qual ele participou involuntariamente, mais de quarenta anos antes, ser\u00e1 o respons\u00e1vel por sua ressurei\u00e7\u00e3o, em um&hellip;<\/p>","protected":false},"author":1,"featured_media":0,"parent":0,"menu_order":0,"comment_status":"closed","ping_status":"closed","template":"templates\/page-no_sidebar.php","meta":{"_exactmetrics_skip_tracking":false,"_exactmetrics_sitenote_active":false,"_exactmetrics_sitenote_note":"","_exactmetrics_sitenote_category":0,"footnotes":""},"class_list":["post-594","page","type-page","status-publish","hentry"],"_links":{"self":[{"href":"http:\/\/gilsonluisdacunha.com.br\/site\/wp-json\/wp\/v2\/pages\/594","targetHints":{"allow":["GET"]}}],"collection":[{"href":"http:\/\/gilsonluisdacunha.com.br\/site\/wp-json\/wp\/v2\/pages"}],"about":[{"href":"http:\/\/gilsonluisdacunha.com.br\/site\/wp-json\/wp\/v2\/types\/page"}],"author":[{"embeddable":true,"href":"http:\/\/gilsonluisdacunha.com.br\/site\/wp-json\/wp\/v2\/users\/1"}],"replies":[{"embeddable":true,"href":"http:\/\/gilsonluisdacunha.com.br\/site\/wp-json\/wp\/v2\/comments?post=594"}],"version-history":[{"count":237,"href":"http:\/\/gilsonluisdacunha.com.br\/site\/wp-json\/wp\/v2\/pages\/594\/revisions"}],"predecessor-version":[{"id":955,"href":"http:\/\/gilsonluisdacunha.com.br\/site\/wp-json\/wp\/v2\/pages\/594\/revisions\/955"}],"wp:attachment":[{"href":"http:\/\/gilsonluisdacunha.com.br\/site\/wp-json\/wp\/v2\/media?parent=594"}],"curies":[{"name":"wp","href":"https:\/\/api.w.org\/{rel}","templated":true}]}}