{"id":26,"date":"2018-02-20T20:29:37","date_gmt":"2018-02-20T20:29:37","guid":{"rendered":"http:\/\/gilsonluisdacunha.com.br\/site\/?page_id=26"},"modified":"2018-03-07T20:00:17","modified_gmt":"2018-03-07T20:00:17","slug":"obras","status":"publish","type":"page","link":"http:\/\/gilsonluisdacunha.com.br\/site\/obras\/","title":{"rendered":"Obras"},"content":{"rendered":"<div id=\"pl-26\"  class=\"panel-layout\" ><div id=\"pg-26-0\"  class=\"panel-grid panel-no-style\" ><div id=\"pgc-26-0-0\"  class=\"panel-grid-cell\" ><div id=\"panel-26-0-0-0\" class=\"so-panel widget widget_sow-image panel-first-child panel-last-child\" data-index=\"0\" ><div\n\t\t\t\n\t\t\tclass=\"so-widget-sow-image so-widget-sow-image-default-8b5b6f678277-26\"\n\t\t\t\n\t\t>\n<div class=\"sow-image-container\">\n\t\t\t<a href=\"http:\/\/gilsonluisdacunha.com.br\/site\/guerras-cthulhu\/\"\n\t\t\ttarget=\"_blank\" rel=\"noopener noreferrer\" \t\t>\n\t\t\t<img \n\tsrc=\"http:\/\/gilsonluisdacunha.com.br\/site\/wp-content\/uploads\/2018\/02\/guerras-cthulhu.jpg\" width=\"233\" height=\"334\" srcset=\"http:\/\/gilsonluisdacunha.com.br\/site\/wp-content\/uploads\/2018\/02\/guerras-cthulhu.jpg 233w, http:\/\/gilsonluisdacunha.com.br\/site\/wp-content\/uploads\/2018\/02\/guerras-cthulhu-209x300.jpg 209w\" sizes=\"(max-width: 233px) 100vw, 233px\" title=\"GUERRAS CTHULHU\" alt=\"GUERRAS CTHULHU\" \t\tclass=\"so-widget-image\"\/>\n\t\t\t<\/a><\/div>\n\n<\/div><\/div><\/div><div id=\"pgc-26-0-1\"  class=\"panel-grid-cell\" ><div id=\"panel-26-0-1-0\" class=\"so-panel widget widget_sow-image panel-first-child panel-last-child\" data-index=\"1\" ><div\n\t\t\t\n\t\t\tclass=\"so-widget-sow-image so-widget-sow-image-default-6ec9e3772f75-26\"\n\t\t\t\n\t\t>\n<div class=\"sow-image-container\">\n\t\t\t<a href=\"http:\/\/gilsonluisdacunha.com.br\/site\/um-taura-e-seu-carma-quantico\/\"\n\t\t\ttarget=\"_blank\" rel=\"noopener noreferrer\" \t\t>\n\t\t\t<img \n\tsrc=\"http:\/\/gilsonluisdacunha.com.br\/site\/wp-content\/uploads\/2018\/02\/Um-Taura-e-Seu-Carma-Qu\u00e2ntico.jpg\" width=\"256\" height=\"368\" srcset=\"http:\/\/gilsonluisdacunha.com.br\/site\/wp-content\/uploads\/2018\/02\/Um-Taura-e-Seu-Carma-Qu\u00e2ntico.jpg 256w, http:\/\/gilsonluisdacunha.com.br\/site\/wp-content\/uploads\/2018\/02\/Um-Taura-e-Seu-Carma-Qu\u00e2ntico-209x300.jpg 209w\" sizes=\"(max-width: 256px) 100vw, 256px\" title=\" UM TAURA E SEU CARMA QU\u00c2NTICO\" alt=\" UM TAURA E SEU CARMA QU\u00c2NTICO\" \t\tclass=\"so-widget-image\"\/>\n\t\t\t<\/a><\/div>\n\n<\/div><\/div><\/div><div id=\"pgc-26-0-2\"  class=\"panel-grid-cell\" ><div id=\"panel-26-0-2-0\" class=\"so-panel widget widget_sow-image panel-first-child panel-last-child\" data-index=\"2\" ><div\n\t\t\t\n\t\t\tclass=\"so-widget-sow-image so-widget-sow-image-default-8b5b6f678277-26\"\n\t\t\t\n\t\t>\n<div class=\"sow-image-container\">\n\t\t\t<a href=\"http:\/\/gilsonluisdacunha.com.br\/site\/2001-uma-outra-odisseia-2\/\"\n\t\t\ttarget=\"_blank\" rel=\"noopener noreferrer\" \t\t>\n\t\t\t<img \n\tsrc=\"http:\/\/gilsonluisdacunha.com.br\/site\/wp-content\/uploads\/2018\/02\/2001-Uma-Outra-Odisseia.jpg\" width=\"256\" height=\"368\" srcset=\"http:\/\/gilsonluisdacunha.com.br\/site\/wp-content\/uploads\/2018\/02\/2001-Uma-Outra-Odisseia.jpg 256w, http:\/\/gilsonluisdacunha.com.br\/site\/wp-content\/uploads\/2018\/02\/2001-Uma-Outra-Odisseia-209x300.jpg 209w\" sizes=\"(max-width: 256px) 100vw, 256px\" title=\"2001: Uma Outra Odisseia\" alt=\"2001: Uma Outra Odisseia\" \t\tclass=\"so-widget-image\"\/>\n\t\t\t<\/a><\/div>\n\n<\/div><\/div><\/div><div id=\"pgc-26-0-3\"  class=\"panel-grid-cell\" ><div id=\"panel-26-0-3-0\" class=\"so-panel widget widget_sow-image panel-first-child panel-last-child\" data-index=\"3\" ><div\n\t\t\t\n\t\t\tclass=\"so-widget-sow-image so-widget-sow-image-default-8b5b6f678277-26\"\n\t\t\t\n\t\t>\n<div class=\"sow-image-container\">\n\t\t\t<a href=\"http:\/\/gilsonluisdacunha.com.br\/site\/destino-2-0\/\"\n\t\t\ttarget=\"_blank\" rel=\"noopener noreferrer\" \t\t>\n\t\t\t<img \n\tsrc=\"http:\/\/gilsonluisdacunha.com.br\/site\/wp-content\/uploads\/2018\/02\/Destino-2.jpg\" width=\"256\" height=\"368\" srcset=\"http:\/\/gilsonluisdacunha.com.br\/site\/wp-content\/uploads\/2018\/02\/Destino-2.jpg 256w, http:\/\/gilsonluisdacunha.com.br\/site\/wp-content\/uploads\/2018\/02\/Destino-2-209x300.jpg 209w\" sizes=\"(max-width: 256px) 100vw, 256px\" title=\"DESTINO 2.0\" alt=\"DESTINO 2.0\" \t\tclass=\"so-widget-image\"\/>\n\t\t\t<\/a><\/div>\n\n<\/div><\/div><\/div><div id=\"pgc-26-0-4\"  class=\"panel-grid-cell\" ><div id=\"panel-26-0-4-0\" class=\"so-panel widget widget_sow-image panel-first-child panel-last-child\" data-index=\"4\" ><div\n\t\t\t\n\t\t\tclass=\"so-widget-sow-image so-widget-sow-image-default-8b5b6f678277-26\"\n\t\t\t\n\t\t>\n<div class=\"sow-image-container\">\n\t\t\t<a href=\"http:\/\/gilsonluisdacunha.com.br\/site\/valquiria-2\/\"\n\t\t\ttarget=\"_blank\" rel=\"noopener noreferrer\" \t\t>\n\t\t\t<img \n\tsrc=\"http:\/\/gilsonluisdacunha.com.br\/site\/wp-content\/uploads\/2018\/02\/Valqu\u00edria.jpg\" width=\"256\" height=\"367\" srcset=\"http:\/\/gilsonluisdacunha.com.br\/site\/wp-content\/uploads\/2018\/02\/Valqu\u00edria.jpg 256w, http:\/\/gilsonluisdacunha.com.br\/site\/wp-content\/uploads\/2018\/02\/Valqu\u00edria-209x300.jpg 209w\" sizes=\"(max-width: 256px) 100vw, 256px\" title=\"VALQU\u00cdRIA\" alt=\"VALQU\u00cdRIA\" \t\tclass=\"so-widget-image\"\/>\n\t\t\t<\/a><\/div>\n\n<\/div><\/div><\/div><\/div><div id=\"pg-26-1\"  class=\"panel-grid panel-no-style\" ><div id=\"pgc-26-1-0\"  class=\"panel-grid-cell\" ><div id=\"panel-26-1-0-0\" class=\"so-panel widget widget_sow-image panel-first-child panel-last-child\" data-index=\"5\" ><div\n\t\t\t\n\t\t\tclass=\"so-widget-sow-image so-widget-sow-image-default-8b5b6f678277-26\"\n\t\t\t\n\t\t>\n<div class=\"sow-image-container\">\n\t\t\t<a href=\"http:\/\/gilsonluisdacunha.com.br\/site\/as-desventuras-funerarias-de-nelson-m\/\"\n\t\t\ttarget=\"_blank\" rel=\"noopener noreferrer\" \t\t>\n\t\t\t<img \n\tsrc=\"http:\/\/gilsonluisdacunha.com.br\/site\/wp-content\/uploads\/2018\/02\/as-desventuras-funerarias-de-nelson-m.jpg\" width=\"314\" height=\"450\" srcset=\"http:\/\/gilsonluisdacunha.com.br\/site\/wp-content\/uploads\/2018\/02\/as-desventuras-funerarias-de-nelson-m.jpg 314w, http:\/\/gilsonluisdacunha.com.br\/site\/wp-content\/uploads\/2018\/02\/as-desventuras-funerarias-de-nelson-m-209x300.jpg 209w\" sizes=\"(max-width: 314px) 100vw, 314px\" title=\"AS DESVENTURAS FUNER\u00c1RIAS DE NELSON M.\" alt=\"AS DESVENTURAS FUNER\u00c1RIAS DE NELSON M.\" \t\tclass=\"so-widget-image\"\/>\n\t\t\t<\/a><\/div>\n\n<\/div><\/div><\/div><div id=\"pgc-26-1-1\"  class=\"panel-grid-cell\" ><div id=\"panel-26-1-1-0\" class=\"so-panel widget widget_sow-image panel-first-child panel-last-child\" data-index=\"6\" ><div\n\t\t\t\n\t\t\tclass=\"so-widget-sow-image so-widget-sow-image-default-6ec9e3772f75-26\"\n\t\t\t\n\t\t>\n<div class=\"sow-image-container\">\n\t\t\t<a href=\"http:\/\/gilsonluisdacunha.com.br\/site\/as-bodas-de-mugh\/\"\n\t\t\ttarget=\"_blank\" rel=\"noopener noreferrer\" \t\t>\n\t\t\t<img \n\tsrc=\"http:\/\/gilsonluisdacunha.com.br\/site\/wp-content\/uploads\/2018\/02\/As-Bodas-de-Mugh.jpg\" width=\"1386\" height=\"1990\" srcset=\"http:\/\/gilsonluisdacunha.com.br\/site\/wp-content\/uploads\/2018\/02\/As-Bodas-de-Mugh.jpg 1386w, http:\/\/gilsonluisdacunha.com.br\/site\/wp-content\/uploads\/2018\/02\/As-Bodas-de-Mugh-209x300.jpg 209w, http:\/\/gilsonluisdacunha.com.br\/site\/wp-content\/uploads\/2018\/02\/As-Bodas-de-Mugh-768x1103.jpg 768w, http:\/\/gilsonluisdacunha.com.br\/site\/wp-content\/uploads\/2018\/02\/As-Bodas-de-Mugh-713x1024.jpg 713w\" sizes=\"(max-width: 1386px) 100vw, 1386px\" title=\"AS BODAS DE MUGH\" alt=\"AS BODAS DE MUGH\" \t\tclass=\"so-widget-image\"\/>\n\t\t\t<\/a><\/div>\n\n<\/div><\/div><\/div><div id=\"pgc-26-1-2\"  class=\"panel-grid-cell\" ><div id=\"panel-26-1-2-0\" class=\"so-panel widget widget_sow-image panel-first-child panel-last-child\" data-index=\"7\" ><div\n\t\t\t\n\t\t\tclass=\"so-widget-sow-image so-widget-sow-image-default-8b5b6f678277-26\"\n\t\t\t\n\t\t>\n<div class=\"sow-image-container\">\n\t\t\t<a href=\"http:\/\/gilsonluisdacunha.com.br\/site\/as-feras-de-um-mundo-ao-sul\/\"\n\t\t\ttarget=\"_blank\" rel=\"noopener noreferrer\" \t\t>\n\t\t\t<img \n\tsrc=\"http:\/\/gilsonluisdacunha.com.br\/site\/wp-content\/uploads\/2018\/02\/As-Feras-de-Um-Mundo-Ao-Sul.jpg\" width=\"256\" height=\"368\" srcset=\"http:\/\/gilsonluisdacunha.com.br\/site\/wp-content\/uploads\/2018\/02\/As-Feras-de-Um-Mundo-Ao-Sul.jpg 256w, http:\/\/gilsonluisdacunha.com.br\/site\/wp-content\/uploads\/2018\/02\/As-Feras-de-Um-Mundo-Ao-Sul-209x300.jpg 209w\" sizes=\"(max-width: 256px) 100vw, 256px\" title=\"AS FERAS DE UM MUNDO AO SUL\" alt=\"AS FERAS DE UM MUNDO AO SUL\" \t\tclass=\"so-widget-image\"\/>\n\t\t\t<\/a><\/div>\n\n<\/div><\/div><\/div><div id=\"pgc-26-1-3\"  class=\"panel-grid-cell\" ><div id=\"panel-26-1-3-0\" class=\"so-panel widget widget_sow-image panel-first-child panel-last-child\" data-index=\"8\" ><div\n\t\t\t\n\t\t\tclass=\"so-widget-sow-image so-widget-sow-image-default-8b5b6f678277-26\"\n\t\t\t\n\t\t>\n<div class=\"sow-image-container\">\n\t\t\t<a href=\"http:\/\/gilsonluisdacunha.com.br\/site\/os-ultimos-dias-de-um-cafetao-robo-em-jupiter\/\"\n\t\t\ttarget=\"_blank\" rel=\"noopener noreferrer\" \t\t>\n\t\t\t<img \n\tsrc=\"http:\/\/gilsonluisdacunha.com.br\/site\/wp-content\/uploads\/2018\/02\/ultimos-dias.jpg\" width=\"317\" height=\"455\" srcset=\"http:\/\/gilsonluisdacunha.com.br\/site\/wp-content\/uploads\/2018\/02\/ultimos-dias.jpg 317w, http:\/\/gilsonluisdacunha.com.br\/site\/wp-content\/uploads\/2018\/02\/ultimos-dias-209x300.jpg 209w\" sizes=\"(max-width: 317px) 100vw, 317px\" title=\"OS \u00daLTIMOS DIAS DE UM CAFET\u00c3O ROB\u00d4 EM J\u00daPITER\" alt=\"OS \u00daLTIMOS DIAS DE UM CAFET\u00c3O ROB\u00d4 EM J\u00daPITER\" \t\tclass=\"so-widget-image\"\/>\n\t\t\t<\/a><\/div>\n\n<\/div><\/div><\/div><div id=\"pgc-26-1-4\"  class=\"panel-grid-cell\" ><div id=\"panel-26-1-4-0\" class=\"so-panel widget widget_sow-image panel-first-child panel-last-child\" data-index=\"9\" ><div\n\t\t\t\n\t\t\tclass=\"so-widget-sow-image so-widget-sow-image-default-8b5b6f678277-26\"\n\t\t\t\n\t\t>\n<div class=\"sow-image-container\">\n\t\t\t<a href=\"http:\/\/gilsonluisdacunha.com.br\/site\/junior-um-conto-tupinipunk\/\"\n\t\t\ttarget=\"_blank\" rel=\"noopener noreferrer\" \t\t>\n\t\t\t<img \n\tsrc=\"http:\/\/gilsonluisdacunha.com.br\/site\/wp-content\/uploads\/2018\/02\/junior.jpg\" width=\"281\" height=\"403\" srcset=\"http:\/\/gilsonluisdacunha.com.br\/site\/wp-content\/uploads\/2018\/02\/junior.jpg 281w, http:\/\/gilsonluisdacunha.com.br\/site\/wp-content\/uploads\/2018\/02\/junior-209x300.jpg 209w\" sizes=\"(max-width: 281px) 100vw, 281px\" title=\"J\u00daNIOR: UM CONTO TUPINIPUNK\" alt=\"J\u00daNIOR: UM CONTO TUPINIPUNK\" \t\tclass=\"so-widget-image\"\/>\n\t\t\t<\/a><\/div>\n\n<\/div><\/div><\/div><\/div><div id=\"pg-26-2\"  class=\"panel-grid panel-no-style\" ><div id=\"pgc-26-2-0\"  class=\"panel-grid-cell\" ><div id=\"panel-26-2-0-0\" class=\"so-panel widget widget_sow-image panel-first-child panel-last-child\" data-index=\"10\" ><div\n\t\t\t\n\t\t\tclass=\"so-widget-sow-image so-widget-sow-image-default-8b5b6f678277-26\"\n\t\t\t\n\t\t>\n<div class=\"sow-image-container\">\n\t\t\t<a href=\"http:\/\/gilsonluisdacunha.com.br\/site\/monstros-gigantes-kaiju-depois-que-eles-partiram\/\"\n\t\t\ttarget=\"_blank\" rel=\"noopener noreferrer\" \t\t>\n\t\t\t<img \n\tsrc=\"http:\/\/gilsonluisdacunha.com.br\/site\/wp-content\/uploads\/2018\/02\/mondtros-gigantes.jpg\" width=\"333\" height=\"478\" srcset=\"http:\/\/gilsonluisdacunha.com.br\/site\/wp-content\/uploads\/2018\/02\/mondtros-gigantes.jpg 333w, http:\/\/gilsonluisdacunha.com.br\/site\/wp-content\/uploads\/2018\/02\/mondtros-gigantes-209x300.jpg 209w\" sizes=\"(max-width: 333px) 100vw, 333px\" title=\"MONSTROS GIGANTES \u2013 KAIJU \u2013 DEPOIS QUE ELES PARTIRAM (CONTOS DO DRAG\u00c3O)\" alt=\"MONSTROS GIGANTES \u2013 KAIJU \u2013 DEPOIS QUE ELES PARTIRAM (CONTOS DO DRAG\u00c3O)\" \t\tclass=\"so-widget-image\"\/>\n\t\t\t<\/a><\/div>\n\n<\/div><\/div><\/div><div id=\"pgc-26-2-1\"  class=\"panel-grid-cell\" ><div id=\"panel-26-2-1-0\" class=\"so-panel widget widget_sow-image panel-first-child panel-last-child\" data-index=\"11\" ><div\n\t\t\t\n\t\t\tclass=\"so-widget-sow-image so-widget-sow-image-default-6ec9e3772f75-26\"\n\t\t\t\n\t\t>\n<div class=\"sow-image-container\">\n\t\t\t<a href=\"http:\/\/gilsonluisdacunha.com.br\/site\/o-exu-do-terreiro-alto\/\"\n\t\t\ttarget=\"_blank\" rel=\"noopener noreferrer\" \t\t>\n\t\t\t<img \n\tsrc=\"http:\/\/gilsonluisdacunha.com.br\/site\/wp-content\/uploads\/2018\/02\/O-Exu-do-Terreiro-Alto.jpg\" width=\"144\" height=\"207\" sizes=\"(max-width: 144px) 100vw, 144px\" title=\"O EXU DO TERREIRO ALTO\" alt=\"O EXU DO TERREIRO ALTO\" \t\tclass=\"so-widget-image\"\/>\n\t\t\t<\/a><\/div>\n\n<\/div><\/div><\/div><div id=\"pgc-26-2-2\"  class=\"panel-grid-cell\" ><div id=\"panel-26-2-2-0\" class=\"so-panel widget widget_sow-image panel-first-child panel-last-child\" data-index=\"12\" ><div\n\t\t\t\n\t\t\tclass=\"so-widget-sow-image so-widget-sow-image-default-8b5b6f678277-26\"\n\t\t\t\n\t\t>\n<div class=\"sow-image-container\">\n\t\t\t<a href=\"http:\/\/gilsonluisdacunha.com.br\/site\/fall-and-rise-of-a-duchebag-roteiro-em-ingles\/\"\n\t\t\ttarget=\"_blank\" rel=\"noopener noreferrer\" \t\t>\n\t\t\t<img \n\tsrc=\"http:\/\/gilsonluisdacunha.com.br\/site\/wp-content\/uploads\/2018\/02\/Fall-and-Rise-Of-a-Duchebag.jpg\" width=\"176\" height=\"253\" sizes=\"(max-width: 176px) 100vw, 176px\" title=\"FALL AND RISE OF A DUCHEBAG (ROTEIRO EM INGL\u00caS)\" alt=\"FALL AND RISE OF A DUCHEBAG (ROTEIRO EM INGL\u00caS)\" \t\tclass=\"so-widget-image\"\/>\n\t\t\t<\/a><\/div>\n\n<\/div><\/div><\/div><div id=\"pgc-26-2-3\"  class=\"panel-grid-cell\" ><div id=\"panel-26-2-3-0\" class=\"so-panel widget widget_sow-image panel-first-child panel-last-child\" data-index=\"13\" ><div\n\t\t\t\n\t\t\tclass=\"so-widget-sow-image so-widget-sow-image-default-8b5b6f678277-26\"\n\t\t\t\n\t\t>\n<div class=\"sow-image-container\">\n\t\t\t<a href=\"http:\/\/gilsonluisdacunha.com.br\/site\/esperancas-perdidas\/\"\n\t\t\ttarget=\"_blank\" rel=\"noopener noreferrer\" \t\t>\n\t\t\t<img \n\tsrc=\"http:\/\/gilsonluisdacunha.com.br\/site\/wp-content\/uploads\/2018\/02\/esperancas-perdidas.jpg\" width=\"176\" height=\"253\" sizes=\"(max-width: 176px) 100vw, 176px\" title=\"ESPERAN\u00c7AS PERDIDAS\" alt=\"ESPERAN\u00c7AS PERDIDAS\" \t\tclass=\"so-widget-image\"\/>\n\t\t\t<\/a><\/div>\n\n<\/div><\/div><\/div><div id=\"pgc-26-2-4\"  class=\"panel-grid-cell\" ><div id=\"panel-26-2-4-0\" class=\"so-panel widget widget_sow-image panel-first-child panel-last-child\" data-index=\"14\" ><div\n\t\t\t\n\t\t\tclass=\"so-widget-sow-image so-widget-sow-image-default-8b5b6f678277-26\"\n\t\t\t\n\t\t>\n<div class=\"sow-image-container\">\n\t\t\t<a href=\"http:\/\/gilsonluisdacunha.com.br\/site\/um-ultimo-dia-perfeito\/\"\n\t\t\ttarget=\"_blank\" rel=\"noopener noreferrer\" \t\t>\n\t\t\t<img \n\tsrc=\"http:\/\/gilsonluisdacunha.com.br\/site\/wp-content\/uploads\/2018\/02\/Um-\u00daltimo-dia-Perfeito.jpg\" width=\"256\" height=\"368\" srcset=\"http:\/\/gilsonluisdacunha.com.br\/site\/wp-content\/uploads\/2018\/02\/Um-\u00daltimo-dia-Perfeito.jpg 256w, http:\/\/gilsonluisdacunha.com.br\/site\/wp-content\/uploads\/2018\/02\/Um-\u00daltimo-dia-Perfeito-209x300.jpg 209w\" sizes=\"(max-width: 256px) 100vw, 256px\" title=\"UM \u00daLTIMO DIA PERFEITO\" alt=\"UM \u00daLTIMO DIA PERFEITO\" \t\tclass=\"so-widget-image\"\/>\n\t\t\t<\/a><\/div>\n\n<\/div><\/div><\/div><\/div><\/div>","protected":false},"excerpt":{"rendered":"<p><\/p>","protected":false},"author":1,"featured_media":0,"parent":0,"menu_order":0,"comment_status":"closed","ping_status":"closed","template":"","meta":{"_exactmetrics_skip_tracking":false,"_exactmetrics_sitenote_active":false,"_exactmetrics_sitenote_note":"","_exactmetrics_sitenote_category":0,"footnotes":""},"class_list":["post-26","page","type-page","status-publish","hentry"],"_links":{"self":[{"href":"http:\/\/gilsonluisdacunha.com.br\/site\/wp-json\/wp\/v2\/pages\/26","targetHints":{"allow":["GET"]}}],"collection":[{"href":"http:\/\/gilsonluisdacunha.com.br\/site\/wp-json\/wp\/v2\/pages"}],"about":[{"href":"http:\/\/gilsonluisdacunha.com.br\/site\/wp-json\/wp\/v2\/types\/page"}],"author":[{"embeddable":true,"href":"http:\/\/gilsonluisdacunha.com.br\/site\/wp-json\/wp\/v2\/users\/1"}],"replies":[{"embeddable":true,"href":"http:\/\/gilsonluisdacunha.com.br\/site\/wp-json\/wp\/v2\/comments?post=26"}],"version-history":[{"count":47,"href":"http:\/\/gilsonluisdacunha.com.br\/site\/wp-json\/wp\/v2\/pages\/26\/revisions"}],"predecessor-version":[{"id":257,"href":"http:\/\/gilsonluisdacunha.com.br\/site\/wp-json\/wp\/v2\/pages\/26\/revisions\/257"}],"wp:attachment":[{"href":"http:\/\/gilsonluisdacunha.com.br\/site\/wp-json\/wp\/v2\/media?parent=26"}],"curies":[{"name":"wp","href":"https:\/\/api.w.org\/{rel}","templated":true}]}}