{"id":22,"date":"2018-02-20T20:29:12","date_gmt":"2018-02-20T20:29:12","guid":{"rendered":"http:\/\/gilsonluisdacunha.com.br\/site\/?page_id=22"},"modified":"2018-03-07T16:04:03","modified_gmt":"2018-03-07T16:04:03","slug":"biografia","status":"publish","type":"page","link":"http:\/\/gilsonluisdacunha.com.br\/site\/biografia\/","title":{"rendered":"Biografia"},"content":{"rendered":"<p><img loading=\"lazy\" decoding=\"async\" class=\"wp-image-171 size-full aligncenter\" src=\"http:\/\/gilsonluisdacunha.com.br\/site\/wp-content\/uploads\/2018\/03\/gilson_luis_da_cunha_2.jpg\" alt=\"\" width=\"1101\" height=\"734\" srcset=\"http:\/\/gilsonluisdacunha.com.br\/site\/wp-content\/uploads\/2018\/03\/gilson_luis_da_cunha_2.jpg 1101w, http:\/\/gilsonluisdacunha.com.br\/site\/wp-content\/uploads\/2018\/03\/gilson_luis_da_cunha_2-300x200.jpg 300w, http:\/\/gilsonluisdacunha.com.br\/site\/wp-content\/uploads\/2018\/03\/gilson_luis_da_cunha_2-768x512.jpg 768w, http:\/\/gilsonluisdacunha.com.br\/site\/wp-content\/uploads\/2018\/03\/gilson_luis_da_cunha_2-1024x683.jpg 1024w, http:\/\/gilsonluisdacunha.com.br\/site\/wp-content\/uploads\/2018\/03\/gilson_luis_da_cunha_2-272x182.jpg 272w\" sizes=\"auto, (max-width: 1101px) 100vw, 1101px\" \/><\/p>\n<p>&nbsp;<\/p>\n<p>Gilson Luis da Cunha nasceu em 1965 em Porto Alegre. \u00c9 bi\u00f3logo, professor univerist\u00e1rio, pesquisador, doutor em Gen\u00e9tica e Bilogia Molecular pela UFRGS, RS. Desde crian\u00e7a sempre foi fascinado por fic\u00e7\u00e3o cient\u00edfica e fantasia, em suas mais variadas vertentes.\u00a0Come\u00e7ou a escrever em 1987, dois anos ap\u00f3s ler um artigo de Isaac Asimov que dizia: &#8220;Se voc\u00ea n\u00e3o gostou do final, devia tentar escrever sua pr\u00f3pria hist\u00f3ria&#8221;. Mas s\u00f3 no s\u00e9culo XXI, com o advento da Aamazon Kindle e da autopublica\u00e7\u00e3o eletr\u00f4nica cogitaria desenvolver uma carreira liter\u00e1ria.\u00a0Vive em Porto Alegre com a fam\u00edlia, seus bonsais e algumas pilhas de livros ainda por serem lidos.<\/p>\n","protected":false},"excerpt":{"rendered":"<p>&nbsp; Gilson Luis da Cunha nasceu em 1965 em Porto Alegre. \u00c9 bi\u00f3logo, professor univerist\u00e1rio, pesquisador, doutor em Gen\u00e9tica e Bilogia Molecular pela UFRGS, RS. Desde crian\u00e7a sempre foi fascinado por fic\u00e7\u00e3o cient\u00edfica e fantasia, em suas mais variadas vertentes.\u00a0Come\u00e7ou a escrever em 1987, dois anos ap\u00f3s ler um artigo de Isaac Asimov que dizia:&hellip;<\/p>","protected":false},"author":1,"featured_media":0,"parent":0,"menu_order":0,"comment_status":"closed","ping_status":"closed","template":"","meta":{"_exactmetrics_skip_tracking":false,"_exactmetrics_sitenote_active":false,"_exactmetrics_sitenote_note":"","_exactmetrics_sitenote_category":0,"footnotes":""},"class_list":["post-22","page","type-page","status-publish","hentry"],"_links":{"self":[{"href":"http:\/\/gilsonluisdacunha.com.br\/site\/wp-json\/wp\/v2\/pages\/22","targetHints":{"allow":["GET"]}}],"collection":[{"href":"http:\/\/gilsonluisdacunha.com.br\/site\/wp-json\/wp\/v2\/pages"}],"about":[{"href":"http:\/\/gilsonluisdacunha.com.br\/site\/wp-json\/wp\/v2\/types\/page"}],"author":[{"embeddable":true,"href":"http:\/\/gilsonluisdacunha.com.br\/site\/wp-json\/wp\/v2\/users\/1"}],"replies":[{"embeddable":true,"href":"http:\/\/gilsonluisdacunha.com.br\/site\/wp-json\/wp\/v2\/comments?post=22"}],"version-history":[{"count":9,"href":"http:\/\/gilsonluisdacunha.com.br\/site\/wp-json\/wp\/v2\/pages\/22\/revisions"}],"predecessor-version":[{"id":183,"href":"http:\/\/gilsonluisdacunha.com.br\/site\/wp-json\/wp\/v2\/pages\/22\/revisions\/183"}],"wp:attachment":[{"href":"http:\/\/gilsonluisdacunha.com.br\/site\/wp-json\/wp\/v2\/media?parent=22"}],"curies":[{"name":"wp","href":"https:\/\/api.w.org\/{rel}","templated":true}]}}